{"id":7982,"date":"2026-04-09T12:06:57","date_gmt":"2026-04-09T10:06:57","guid":{"rendered":"https:\/\/moncollege-valdoise.fr\/?page_id=7982"},"modified":"2026-04-09T14:22:24","modified_gmt":"2026-04-09T12:22:24","slug":"innoveduc","status":"publish","type":"page","link":"https:\/\/moncollege-valdoise.fr\/index.php\/innoveduc\/","title":{"rendered":"InnovEduc"},"content":{"rendered":"\n<p>\u00c0 travers le dispositif InnovEduc+ &#8220;Ressources Num\u00e9riques&#8221;, les \u00e9tablissements ont acc\u00e8s \u00e0 des ressources disciplinaires et transdisciplinaires financ\u00e9es par le D\u00e9partement. Ce dispositif permet \u00e0 chaque \u00e9tablissement, en fonction de ses projets p\u00e9dagogiques, de retenir une ou plusieurs ressources. Pour les coll\u00e8ges abonn\u00e9s, les ressources accessibles sont visibles dans Pronote.<\/p>\n\n\n\n<p>Des formations de d\u00e9couverte et prise en main des ressources, sous forme de webinaire interactif, sont propos\u00e9es toute l\u2019ann\u00e9e aux enseignants. Ces derniers peuvent s\u2019y inscrire via un formulaire en ligne. Le lien de ce formulaire est envoy\u00e9 plusieurs fois dans l\u2019ann\u00e9e par e-mail au chef d\u2019\u00e9tablissement.<\/p>\n\n\n\n<p>Les ressources propos\u00e9es au titre du bouquet sont les suivantes :<\/p>\n\n\n\n<ul class=\"wp-block-list\">\n<li>Cr\u00e9ation et diffusion d\u2019histoires courtes :\u00a0<strong><a href=\"https:\/\/short-edition.com\/fr\/p\/partenaires-de-l-education-nationale\">Short \u00e9dition\u00a0<\/a><\/strong><\/li>\n\n\n\n<li>Encyclop\u00e9die :\u00a0<a href=\"https:\/\/www.universalis.fr\/\"><strong>Encyclop\u00e9die Universalis<\/strong>\u00a0<\/a><\/li>\n\n\n\n<li>Ressources audiovisuelles :\u00a0<a href=\"https:\/\/educ.arte.tv\/\" data-type=\"link\" data-id=\"https:\/\/educ.arte.tv\/\"><strong>Educ\u2019ARTE<\/strong>\u00a0<\/a><\/li>\n\n\n\n<li>Biblioth\u00e8que \u00e0 l\u2019attention des DYS :\u00a0<strong><a href=\"https:\/\/www.mobidys.com\/sondo\/\" data-type=\"link\" data-id=\"https:\/\/www.mobidys.com\/sondo\/\">Sondo\u00a0<\/a><\/strong><\/li>\n\n\n\n<li>Cr\u00e9ation de journaux scolaires :\u00a0<strong><a href=\"https:\/\/madmagz.com\/fr\/edu\">Madmagz\u00a0<\/a><\/strong><\/li>\n\n\n\n<li>Ressource interactive pour l\u2019apprentissage des sciences :\u00a0<a href=\"https:\/\/www.edumedia.com\/fr\"><strong>Edum\u00e9dia<\/strong>\u00a0<\/a><\/li>\n<\/ul>\n\n\n\n<p>Dans le cadre d&#8217;un partenariat d&#8217;innovation et pour d\u00e9velopper l&#8217;usage des iPad en classe, le D\u00e9partement propose la ressource <strong><a href=\"https:\/\/foxar.fr\/\">FOXAR<\/a> <\/strong>\u00e0 tous les enseignants et coll\u00e9giens du territoire.<\/p>\n\n\n\n<p>\u00c0 travers le dispositif InnovEduc+ &#8220;Mat\u00e9riel&#8221;, les \u00e9tablissements ont acc\u00e8s \u00e0 un catalogue de mat\u00e9riels innovants financ\u00e9 par le D\u00e9partement qui se compose de :<\/p>\n\n\n\n<ul class=\"wp-block-list\">\n<li>webRadio, <\/li>\n\n\n\n<li>webTV, <\/li>\n\n\n\n<li>imprimante 3D, <\/li>\n\n\n\n<li>Kit multim\u00e9dia, <\/li>\n\n\n\n<li>etc., <\/li>\n<\/ul>\n\n\n\n<p>Ce dispositif permet \u00e0 chaque \u00e9tablissement, en fonction de ses projets p\u00e9dagogiques, de retenir un ou plusieurs mat\u00e9riels qui seront d\u00e9ploy\u00e9s par le D\u00e9partement. <\/p>\n\n\n\n<p>Des formations de d\u00e9couverte et prise en main de ces outils sont propos\u00e9es toute l\u2019ann\u00e9e aux \u00e9tablissements \u00e9quip\u00e9s. Ces derniers peuvent s\u2019y inscrire via un formulaire en ligne. Le lien de ce formulaire est envoy\u00e9 plusieurs fois dans l\u2019ann\u00e9e par e-mail aux chefs d\u2019\u00e9tablissement.<\/p>\n\n\n\n<p><\/p>\n","protected":false},"excerpt":{"rendered":"<p>\u00c0 travers le dispositif InnovEduc+ &#8220;Ressources Num\u00e9riques&#8221;, les \u00e9tablissements ont acc\u00e8s \u00e0 des ressources disciplinaires et transdisciplinaires financ\u00e9es par le D\u00e9partement. Ce dispositif permet \u00e0 chaque \u00e9tablissement, en fonction de ses projets p\u00e9dagogiques, de retenir une ou plusieurs ressources. Pour les coll\u00e8ges abonn\u00e9s, les ressources accessibles sont visibles dans Pronote. Des formations de d\u00e9couverte et [&hellip;]<\/p>\n","protected":false},"author":11,"featured_media":0,"parent":0,"menu_order":0,"comment_status":"closed","ping_status":"closed","template":"","meta":{"_acf_changed":false,"footnotes":""},"class_list":["post-7982","page","type-page","status-publish","hentry"],"acf":[],"_links":{"self":[{"href":"https:\/\/moncollege-valdoise.fr\/index.php\/wp-json\/wp\/v2\/pages\/7982","targetHints":{"allow":["GET"]}}],"collection":[{"href":"https:\/\/moncollege-valdoise.fr\/index.php\/wp-json\/wp\/v2\/pages"}],"about":[{"href":"https:\/\/moncollege-valdoise.fr\/index.php\/wp-json\/wp\/v2\/types\/page"}],"author":[{"embeddable":true,"href":"https:\/\/moncollege-valdoise.fr\/index.php\/wp-json\/wp\/v2\/users\/11"}],"replies":[{"embeddable":true,"href":"https:\/\/moncollege-valdoise.fr\/index.php\/wp-json\/wp\/v2\/comments?post=7982"}],"version-history":[{"count":5,"href":"https:\/\/moncollege-valdoise.fr\/index.php\/wp-json\/wp\/v2\/pages\/7982\/revisions"}],"predecessor-version":[{"id":7988,"href":"https:\/\/moncollege-valdoise.fr\/index.php\/wp-json\/wp\/v2\/pages\/7982\/revisions\/7988"}],"wp:attachment":[{"href":"https:\/\/moncollege-valdoise.fr\/index.php\/wp-json\/wp\/v2\/media?parent=7982"}],"curies":[{"name":"wp","href":"https:\/\/api.w.org\/{rel}","templated":true}]}}