{"id":5454,"date":"2025-12-18T11:12:33","date_gmt":"2025-12-18T10:12:33","guid":{"rendered":"https:\/\/moncollege-valdoise.fr\/?page_id=5454"},"modified":"2026-02-18T15:09:51","modified_gmt":"2026-02-18T14:09:51","slug":"le-club-athena-en-visio","status":"publish","type":"page","link":"https:\/\/moncollege-valdoise.fr\/index.php\/le-club-athena-en-visio\/","title":{"rendered":"Ath\u00e9na, les essentiels en visio"},"content":{"rendered":"\n<p><strong>Formation en distanciel\u00a0de 30 minutes pour montrer des cas d&#8217;usage et \u00e9changer avec un formateur.<\/strong><\/p>\n\n\n\n<p>Acc\u00e8s \u00e0 la visio : <a href=\"https:\/\/visio.moncollege95.fr\/rooms\/dox-brl-hqy-opj\/join\">https:\/\/visio.moncollege95.fr\/rooms\/dox-brl-hqy-opj\/join<\/a><\/p>\n\n\n\n<ul class=\"wp-block-list\">\n<li><\/li>\n<\/ul>\n\n\n\n<script src=\"https:\/\/cdn.supersaas.net\/widget.js\"><\/script>\n<script class=\"supersaas-widget\">var supersaas = new SuperSaaS(\"374366:FormationsCD95\",\"810095:Club_Ath\u00e9na\",{\"widget_type\":\"frame\",\"view\":\"card\",\"height\":\"500px\",\"schedule_title\":\"hide\",\"autoselect\":\"first_available\",\"domain\":\"www.supersaas.fr\"})<\/script>\n\n\n\n<div class=\"wp-block-buttons is-layout-flex wp-block-buttons-is-layout-flex\">\n<div class=\"wp-block-button\"><a class=\"wp-block-button__link has-background wp-element-button\" href=\"https:\/\/moncollege-valdoise.fr\/index.php\/portail-formations\/\" style=\"background-color:#032e5a\">Retour au portail des formations<\/a><\/div>\n<\/div>\n\n\n\n<BR>\n<BR>\n<BR>\n","protected":false},"excerpt":{"rendered":"<p>Formation en distanciel\u00a0de 30 minutes pour montrer des cas d&#8217;usage et \u00e9changer avec un formateur. Acc\u00e8s \u00e0 la visio : https:\/\/visio.moncollege95.fr\/rooms\/dox-brl-hqy-opj\/join<\/p>\n","protected":false},"author":11,"featured_media":0,"parent":0,"menu_order":0,"comment_status":"closed","ping_status":"closed","template":"","meta":{"_acf_changed":false,"footnotes":""},"class_list":["post-5454","page","type-page","status-publish","hentry"],"acf":[],"_links":{"self":[{"href":"https:\/\/moncollege-valdoise.fr\/index.php\/wp-json\/wp\/v2\/pages\/5454","targetHints":{"allow":["GET"]}}],"collection":[{"href":"https:\/\/moncollege-valdoise.fr\/index.php\/wp-json\/wp\/v2\/pages"}],"about":[{"href":"https:\/\/moncollege-valdoise.fr\/index.php\/wp-json\/wp\/v2\/types\/page"}],"author":[{"embeddable":true,"href":"https:\/\/moncollege-valdoise.fr\/index.php\/wp-json\/wp\/v2\/users\/11"}],"replies":[{"embeddable":true,"href":"https:\/\/moncollege-valdoise.fr\/index.php\/wp-json\/wp\/v2\/comments?post=5454"}],"version-history":[{"count":0,"href":"https:\/\/moncollege-valdoise.fr\/index.php\/wp-json\/wp\/v2\/pages\/5454\/revisions"}],"wp:attachment":[{"href":"https:\/\/moncollege-valdoise.fr\/index.php\/wp-json\/wp\/v2\/media?parent=5454"}],"curies":[{"name":"wp","href":"https:\/\/api.w.org\/{rel}","templated":true}]}}