{"id":5425,"date":"2025-12-15T15:02:55","date_gmt":"2025-12-15T14:02:55","guid":{"rendered":"https:\/\/moncollege-valdoise.fr\/?page_id=5425"},"modified":"2025-12-19T16:19:36","modified_gmt":"2025-12-19T15:19:36","slug":"prise-de-rendez-vous-avec-lassistance","status":"publish","type":"page","link":"https:\/\/moncollege-valdoise.fr\/index.php\/prise-de-rendez-vous-avec-lassistance\/","title":{"rendered":"Prise de rendez-vous avec l&#8217;assistance"},"content":{"rendered":"\n<p>Afin de vous accompagner dans la r\u00e9solution de vos tickets, nous vous proposons de prendre un rendez-vous t\u00e9l\u00e9phonique avec l&#8217;un de nos techniciens. <br>Merci de vous munir de votre num\u00e9ro de ticket, il vous sera n\u00e9cessaire pour r\u00e9aliser votre r\u00e9servation. <\/p>\n\n\n\n<script src=\"https:\/\/cdn.supersaas.net\/widget.js\"><\/script>\n<script class=\"supersaas-widget\">var supersaas = new SuperSaaS(\"374366:FormationsCD95\",\"810084:rdv_usagers\",{\"widget_type\":\"frame\",\"view\":\"week\",\"height\":\"800px\",\"schedule_title\":\"hide\",\"domain\":\"www.supersaas.fr\"})<\/script>\n\n\n\n<p><\/p>\n\n\n\n<p><\/p>\n","protected":false},"excerpt":{"rendered":"<p>Afin de vous accompagner dans la r\u00e9solution de vos tickets, nous vous proposons de prendre un rendez-vous t\u00e9l\u00e9phonique avec l&#8217;un de nos techniciens. Merci de vous munir de votre num\u00e9ro de ticket, il vous sera n\u00e9cessaire pour r\u00e9aliser votre r\u00e9servation.<\/p>\n","protected":false},"author":11,"featured_media":0,"parent":0,"menu_order":0,"comment_status":"closed","ping_status":"closed","template":"","meta":{"_acf_changed":false,"footnotes":""},"class_list":["post-5425","page","type-page","status-publish","hentry"],"acf":[],"_links":{"self":[{"href":"https:\/\/moncollege-valdoise.fr\/index.php\/wp-json\/wp\/v2\/pages\/5425","targetHints":{"allow":["GET"]}}],"collection":[{"href":"https:\/\/moncollege-valdoise.fr\/index.php\/wp-json\/wp\/v2\/pages"}],"about":[{"href":"https:\/\/moncollege-valdoise.fr\/index.php\/wp-json\/wp\/v2\/types\/page"}],"author":[{"embeddable":true,"href":"https:\/\/moncollege-valdoise.fr\/index.php\/wp-json\/wp\/v2\/users\/11"}],"replies":[{"embeddable":true,"href":"https:\/\/moncollege-valdoise.fr\/index.php\/wp-json\/wp\/v2\/comments?post=5425"}],"version-history":[{"count":1,"href":"https:\/\/moncollege-valdoise.fr\/index.php\/wp-json\/wp\/v2\/pages\/5425\/revisions"}],"predecessor-version":[{"id":5426,"href":"https:\/\/moncollege-valdoise.fr\/index.php\/wp-json\/wp\/v2\/pages\/5425\/revisions\/5426"}],"wp:attachment":[{"href":"https:\/\/moncollege-valdoise.fr\/index.php\/wp-json\/wp\/v2\/media?parent=5425"}],"curies":[{"name":"wp","href":"https:\/\/api.w.org\/{rel}","templated":true}]}}