{"id":5414,"date":"2025-12-15T12:12:27","date_gmt":"2025-12-15T11:12:27","guid":{"rendered":"https:\/\/moncollege-valdoise.fr\/?page_id=5414"},"modified":"2026-01-12T11:24:57","modified_gmt":"2026-01-12T10:24:57","slug":"accompagnement-athena","status":"publish","type":"page","link":"https:\/\/moncollege-valdoise.fr\/index.php\/accompagnement-athena\/","title":{"rendered":"Ath\u00e9na \u00e0 la carte"},"content":{"rendered":"\n<p><strong>Formations en pr\u00e9sentiel \u00e0 la carte, formateurs \u00e0 disposition sur une demi-journ\u00e9e et \u00e9laboration en fonction des besoins du coll\u00e8ge d\u2019un programme de diff\u00e9rents modules (30 \u00e0 50 minutes par module)<\/strong><\/p>\n\n\n\n<script src=\"https:\/\/cdn.supersaas.net\/widget.js\"><\/script>\n<script class=\"supersaas-widget\">var supersaas = new SuperSaaS(\"374366:FormationsCD95\",\"796920:Formations_Athena\",{\"widget_type\":\"frame\",\"height\":\"400px\",\"schedule_title\":\"hide\",\"autoselect\":\"first_available\",\"slot_title\":\"hide\",\"slot_level_icon\":\"hide\",\"domain\":\"www.supersaas.fr\"})<\/script>\n\n\n\n<p><em>Modules propos\u00e9s :<\/em><\/p>\n\n\n\n<ul class=\"wp-block-list\">\n<li>Pronote et ATHENA Cloud, le nouvel \u00e9cosyst\u00e8me<\/li>\n\n\n\n<li>D\u2019Interwrite \u00e0 Openboard, utilis\u00e9 sur SVPI&nbsp;<\/li>\n\n\n\n<li>La nouvelle suite bureautique Only Office<\/li>\n\n\n\n<li>Utiliser ses iPad dans l\u2019environnement ATHENA<\/li>\n<\/ul>\n\n\n\n<BR>\n<BR>\n<BR>\n\n\n\n<div class=\"wp-block-buttons is-content-justification-center is-layout-flex wp-container-core-buttons-is-layout-16018d1d wp-block-buttons-is-layout-flex\">\n<div class=\"wp-block-button is-style-fill\"><a class=\"wp-block-button__link has-background wp-element-button\" href=\"https:\/\/moncollege-valdoise.fr\/index.php\/portail-formations\/\" style=\"background-color:#032e5a\">Retour au portail des formations<\/a><\/div>\n<\/div>\n\n\n\n<BR>\n<BR>\n<BR>\n\n\n\n<p><\/p>\n","protected":false},"excerpt":{"rendered":"<p>Formations en pr\u00e9sentiel \u00e0 la carte, formateurs \u00e0 disposition sur une demi-journ\u00e9e et \u00e9laboration en fonction des besoins du coll\u00e8ge d\u2019un programme de diff\u00e9rents modules (30 \u00e0 50 minutes par module) Modules propos\u00e9s :<\/p>\n","protected":false},"author":11,"featured_media":0,"parent":0,"menu_order":0,"comment_status":"closed","ping_status":"closed","template":"","meta":{"_acf_changed":false,"footnotes":""},"class_list":["post-5414","page","type-page","status-publish","hentry"],"acf":[],"_links":{"self":[{"href":"https:\/\/moncollege-valdoise.fr\/index.php\/wp-json\/wp\/v2\/pages\/5414","targetHints":{"allow":["GET"]}}],"collection":[{"href":"https:\/\/moncollege-valdoise.fr\/index.php\/wp-json\/wp\/v2\/pages"}],"about":[{"href":"https:\/\/moncollege-valdoise.fr\/index.php\/wp-json\/wp\/v2\/types\/page"}],"author":[{"embeddable":true,"href":"https:\/\/moncollege-valdoise.fr\/index.php\/wp-json\/wp\/v2\/users\/11"}],"replies":[{"embeddable":true,"href":"https:\/\/moncollege-valdoise.fr\/index.php\/wp-json\/wp\/v2\/comments?post=5414"}],"version-history":[{"count":25,"href":"https:\/\/moncollege-valdoise.fr\/index.php\/wp-json\/wp\/v2\/pages\/5414\/revisions"}],"predecessor-version":[{"id":5905,"href":"https:\/\/moncollege-valdoise.fr\/index.php\/wp-json\/wp\/v2\/pages\/5414\/revisions\/5905"}],"wp:attachment":[{"href":"https:\/\/moncollege-valdoise.fr\/index.php\/wp-json\/wp\/v2\/media?parent=5414"}],"curies":[{"name":"wp","href":"https:\/\/api.w.org\/{rel}","templated":true}]}}