{"id":4806,"date":"2025-09-02T16:48:29","date_gmt":"2025-09-02T14:48:29","guid":{"rendered":"https:\/\/moncollege-valdoise.fr\/?page_id=4806"},"modified":"2025-10-31T12:15:26","modified_gmt":"2025-10-31T11:15:26","slug":"pronote","status":"publish","type":"page","link":"https:\/\/moncollege-valdoise.fr\/index.php\/pronote\/","title":{"rendered":"Pronote"},"content":{"rendered":"<div class=\"wp-block-image\">\n<figure class=\"aligncenter size-full is-resized\"><img loading=\"lazy\" decoding=\"async\" width=\"2820\" height=\"2820\" src=\"https:\/\/moncollege-valdoise.fr\/wp-content\/uploads\/PRONOTE-papillon.png\" alt=\"\" class=\"wp-image-2305\" style=\"width:92px;height:auto\" srcset=\"https:\/\/moncollege-valdoise.fr\/wp-content\/uploads\/PRONOTE-papillon.png 2820w, https:\/\/moncollege-valdoise.fr\/wp-content\/uploads\/PRONOTE-papillon-250x250.png 250w, https:\/\/moncollege-valdoise.fr\/wp-content\/uploads\/PRONOTE-papillon-768x768.png 768w, https:\/\/moncollege-valdoise.fr\/wp-content\/uploads\/PRONOTE-papillon-1536x1536.png 1536w, https:\/\/moncollege-valdoise.fr\/wp-content\/uploads\/PRONOTE-papillon-2048x2048.png 2048w, https:\/\/moncollege-valdoise.fr\/wp-content\/uploads\/PRONOTE-papillon-1200x1200.png 1200w, https:\/\/moncollege-valdoise.fr\/wp-content\/uploads\/PRONOTE-papillon-600x600.png 600w\" sizes=\"auto, (max-width: 2820px) 100vw, 2820px\" \/><\/figure>\n<\/div>\n\n\n<p><strong>Acc\u00e9der \u00e0 l&#8217;espace &#8220;Parents&#8221; du Pronote de votre \u00e9tablissement<\/strong><\/p>\n\n\n\n<p>Pour acc\u00e9der \u00e0 &#8220;l&#8217;espace parents&#8221; du coll\u00e8ge de votre enfant, choisissez le coll\u00e8ge dans le menu d\u00e9roulant et vous serez redirig\u00e9 directement. <\/p>\n\n\n\n<p>Pour vous connecter vous devez utiliser les identifiants &#8220;Pronote&#8221; distribu\u00e9s par le coll\u00e8ge de votre enfant.<\/p>\n\n\n\n<div class=\"wp-block-columns is-layout-flex wp-container-core-columns-is-layout-9d6595d7 wp-block-columns-is-layout-flex\">\n<div class=\"wp-block-column is-layout-flow wp-block-column-is-layout-flow\">\n<head>\n<BR><\/BR>\n<label for=\"pet-select\">Veuillez s\u00e9lectionner votre coll\u00e8ge :<\/label>\n\n<tr><td><\/td><\/tr>\n<select name=\"Votre coll\u00e8ge\" onChange=\"location.href=''+this.options[this.selectedIndex].value+'';\">\n<option value=\"https:\/\/moncollege95.fr\/\">Choisir le coll\u00e8ge<\/option>\n <option value=\"https:\/\/0951139X.index-education.net\/pronote\/parent.html\">Albert Camus ARGENTEUIL<\/option>\n<option value=\"https:\/\/0952114G.index-education.net\/pronote\/parent.html\">Ariane ARGENTEUIL<\/option>\n<option value=\"https:\/\/0950886X.index-education.net\/pronote\/parent.html\">Claude Monet ARGENTEUIL<\/option>\n<option value=\"https:\/\/0951230W.index-education.net\/pronote\/parent.html\">Eug\u00e9nie Cotton ARGENTEUIL<\/option>\n<option value=\"https:\/\/0950885W.index-education.net\/pronote\/parent.html\">Ir\u00e9ne Joliot-Curie ARGENTEUIL<\/option>\n<option value=\"https:\/\/0951138W.index-education.net\/pronote\/parent.html\">Jean Jacques Rousseau ARGENTEUIL<\/option>\n<option value=\"https:\/\/0951356H.index-education.net\/pronote\/parent.html\">Lucie Aubrac ARGENTEUIL<\/option>\n<option value=\"https:\/\/0951094Y.index-education.net\/pronote\/parent.html\">Paul Vaillant Couturier ARGENTEUIL<\/option>\n<option value=\"https:\/\/0950884V.index-education.net\/pronote\/parent.html\">Sadi Carnot\u00a0 ARGENTEUIL<\/option>\n<option value=\"https:\/\/0951143B.index-education.net\/pronote\/parent.html\">Jean Moulin ARNOUVILLE<\/option>\n<option value=\"https:\/\/0951823R.index-education.net\/pronote\/parent.html\">Charles Fran\u00e7ois Daubigny AUVERS SUR OISE<\/option>\n<option value=\"https:\/\/0952086B.index-education.net\/pronote\/parent.html\">Montesquieu BEAUCHAMP<\/option>\n<option value=\"https:\/\/0950933Y.index-education.net\/pronote\/parent.html\">Jacques Monod BEAUMONT SUR OISE<\/option>\n<option value=\"https:\/\/0952087C.index-education.net\/pronote\/parent.html\">Pierre Perret BERNES SUR\u00a0 OISE<\/option>\n<option value=\"https:\/\/0951400F.index-education.net\/pronote\/parent.html\">Maubuisson BESSANCOURT<\/option>\n<option value=\"https:\/\/0950887Y.index-education.net\/pronote\/parent.html\">Gabriel P\u00e9ri BEZONS<\/option>\n<option value=\"https:\/\/0950888Z.index-education.net\/pronote\/parent.html\">Henri Wallon BEZONS<\/option>\n<option value=\"https:\/\/0951822P.index-education.net\/pronote\/parent.html\">L\u00e9onard De Vinci\u00a0\u00a0 BOUFFEMONT<\/option>\n<option value=\"https:\/\/0952079U.index-education.net\/pronote\/parent.html\">Rosa Bonheur BRAY ET LU<\/option>\n<option value=\"https:\/\/0952282P.index-education.net\/pronote\/parent.html\">Caroline Aigle CERGY<\/option>\n<option value=\"https:\/\/0951617S.index-education.net\/pronote\/parent.html\">G\u00e9rard Philipe CERGY<\/option>\n<option value=\"https:\/\/0951401G.index-education.net\/pronote\/parent.html\">La Justice CERGY<\/option>\n<option value=\"https:\/\/0951697D.index-education.net\/pronote\/parent.html\">Le Moulin \u00e0 vent CERGY<\/option>\n<option value=\"https:\/\/0951964U.index-education.net\/pronote\/parent.html\">Les Explorateurs CERGY<\/option>\n<option value=\"https:\/\/0950937C.index-education.net\/pronote\/parent.html\">Les Touleuses CERGY<\/option>\n<option value=\"https:\/\/0951099D.index-education.net\/pronote\/parent.html\">Jacques Daguerre CORMEILLES EN PARISIS<\/option>\n<option value=\"https:\/\/0952045G.index-education.net\/pronote\/parent.html\">Louis Hayet CORMEILLES EN PARISIS<\/option>\n<option value=\"https:\/\/0952236P.index-education.net\/pronote\/parent.html\">Louise Weiss CORMEILLES EN PARISIS<\/option>\n<option value=\"https:\/\/0951724H.index-education.net\/pronote\/parent.html\">Sainte Apolline COURDIMANCHE<\/option>\n<option value=\"https:\/\/0950682A.index-education.net\/pronote\/parent.html\">Denis Diderot DEUIL LA BARRE<\/option>\n<option value=\"https:\/\/0952140K.index-education.net\/pronote\/parent.html\">Emilie du Ch\u00e2telet DEUIL LA BARRE<\/option>\n<option value=\"https:\/\/0950014Z.index-education.net\/pronote\/parent.html\">Aristide Briand DOMONT<\/option>\n<option value=\"https:\/\/0950893E.index-education.net\/pronote\/parent.html\">Andr\u00e9 Ch\u00e9nier EAUBONNE<\/option>\n<option value=\"https:\/\/0950892D.index-education.net\/pronote\/parent.html\">Jules Ferry EAUBONNE<\/option>\n<option value=\"https:\/\/0950941G.index-education.net\/pronote\/parent.html\">Jean Bullant ECOUEN<\/option>\n<option value=\"https:\/\/0950930V.index-education.net\/pronote\/parent.html\">Georges Pompidou ENGHIEN LES BAINS<\/option>\n<option value=\"https:\/\/0951672B.index-education.net\/pronote\/parent.html\">L\u00e9onard De Vinci ERAGNY SUR OISE<\/option>\n<option value=\"https:\/\/0951194G.index-education.net\/pronote\/parent.html\">Pablo Picasso ERAGNY SUR OISE<\/option>\n<option value=\"https:\/\/0950019E.index-education.net\/pronote\/parent.html\">Jules Ferry ERMONT<\/option>\n<option value=\"https:\/\/0950739M.index-education.net\/pronote\/parent.html\">Saint Exup\u00e9ry ERMONT<\/option>\n<option value=\"https:\/\/0952127W.index-education.net\/pronote\/parent.html\">Aim\u00e9 C\u00e9saire EZANVILLE<\/option>\n<option value=\"https:\/\/0950926R.index-education.net\/pronote\/parent.html\">Stendhal FOSSES<\/option>\n<option value=\"https:\/\/0950022H.index-education.net\/pronote\/parent.html\">Bel Air FRANCONVILLE<\/option>\n<option value=\"https:\/\/0951100E.index-education.net\/pronote\/parent.html\">Epine Guyon\u00a0 FRANCONVILLE<\/option>\n<option value=\"https:\/\/0952088D.index-education.net\/pronote\/parent.html\">Jean-Fran\u00e7ois Clervoy FRANCONVILLE<\/option>\n<option value=\"https:\/\/0952036X.index-education.net\/pronote\/parent.html\">Henri Matisse GARGES LES GONESSE<\/option>\n<option value=\"https:\/\/0950023J.index-education.net\/pronote\/parent.html\">Henri Wallon GARGES LES GONESSE<\/option>\n<option value=\"https:\/\/0951098C.index-education.net\/pronote\/parent.html\">Pablo Picasso GARGES LES GONESSE<\/option>\n<option value=\"https:\/\/0950711G.index-education.net\/pronote\/parent.html\">Paul Eluard GARGES LES GONESSE<\/option>\n<option value=\"https:\/\/0951920W.index-education.net\/pronote\/parent.html\">Fran\u00e7ois Truffaut GONESSE<\/option>\n<option value=\"https:\/\/0950025L.index-education.net\/pronote\/parent.html\">Philippe Auguste\u00a0 GONESSE<\/option>\n<option value=\"https:\/\/0951142A.index-education.net\/pronote\/parent.html\">Robert Doisneau GONESSE<\/option>\n<option value=\"https:\/\/0952128X.index-education.net\/pronote\/parent.html\">Georges Charpak GOUSSAINVILLE<\/option>\n<option value=\"https:\/\/0950026M.index-education.net\/pronote\/parent.html\">Maximilien de Robespierre GOUSSAINVILLE<\/option>\n<option value=\"https:\/\/0951921X.index-education.net\/pronote\/parent.html\">Michel\u00a0 De Montaigne GOUSSAINVILLE<\/option>\n<option value=\"https:\/\/0951050A.index-education.net\/pronote\/parent.html\">Pierre Curie GOUSSAINVILLE<\/option>\n<option value=\"https:\/\/0951696C.index-education.net\/pronote\/parent.html\">Georges Duhamel HERBLAY<\/option>\n<option value=\"https:\/\/0952205F.index-education.net\/pronote\/parent.html\">Isabelle Autissier HERBLAY<\/option>\n<option value=\"https:\/\/0950932X.index-education.net\/pronote\/parent.html\">Jean Vilar HERBLAY<\/option>\n<option value=\"https:\/\/0951527U.index-education.net\/pronote\/parent.html\">Henri Guillaumet JOUY LE MOUTIER<\/option>\n<option value=\"https:\/\/0951801S.index-education.net\/pronote\/parent.html\">Les Merisiers JOUY LE MOUTIER<\/option>\n<option value=\"https:\/\/0950898K.index-education.net\/pronote\/parent.html\">Pierre et Marie Curie\u00a0 L&apos;ISLE ADAM<\/option>\n<option value=\"https:\/\/0951232Y.index-education.net\/pronote\/parent.html\">Marie Sklodowska Curie\u00a0 LE PLESSIS BOUCHARD\u00a0\u00a0<\/option>\n<option value=\"https:\/\/0951354F.index-education.net\/pronote\/parent.html\">Andr\u00e9 Malraux LOUVRES<\/option>\n<option value=\"https:\/\/0950908W.index-education.net\/pronote\/parent.html\">Fran\u00e7ois Mauriac LOUVRES<\/option>\n<option value=\"https:\/\/0951357J.index-education.net\/pronote\/parent.html\">Anna De Noailles LUZARCHES<\/option>\n<option value=\"https:\/\/0951102G.index-education.net\/pronote\/parent.html\">Claude Monet MAGNY EN VEXIN<\/option>\n<option value=\"https:\/\/0950936B.index-education.net\/pronote\/parent.html\">Les Hautiers MARINES<\/option>\n<option value=\"https:\/\/0951919V.index-education.net\/pronote\/parent.html\">Fran\u00e7oise Dolto MARLY LA VILLE<\/option>\n<option value=\"https:\/\/0951233Z.index-education.net\/pronote\/parent.html\">Frania\u00a0 Einsenbach Haverland MENUCOURT<\/option>\n<option value=\"https:\/\/0951725J.index-education.net\/pronote\/parent.html\">Jacques-Yves Cousteau MERY SUR OISE<\/option>\n<option value=\"https:\/\/0951154N.index-education.net\/pronote\/parent.html\">Camille Claudel MONTIGNY LES CORMEILLES<\/option>\n<option value=\"https:\/\/0951800R.index-education.net\/pronote\/parent.html\">Louis Aragon MONTIGNY LES CORMEILLES<\/option>\n<option value=\"https:\/\/0951909J.index-education.net\/pronote\/parent.html\">Maurice Utrillo MONTMAGNY<\/option>\n<option value=\"https:\/\/0951141Z.index-education.net\/pronote\/parent.html\">Nicolas Copernic\u00a0 MONTMAGNY\u00a0<\/option>\n<option value=\"https:\/\/0951799P.index-education.net\/pronote\/parent.html\">Charles Le Brun MONTMORENCY<\/option>\n<option value=\"https:\/\/0950891C.index-education.net\/pronote\/parent.html\">Pierre De Ronsard MONTMORENCY<\/option>\n<option value=\"https:\/\/0951051B.index-education.net\/pronote\/parent.html\">Marcel Pagnol MONTSOULT<\/option>\n<option value=\"https:\/\/0951991Y.index-education.net\/pronote\/parent.html\">C\u00e9cile Sorel M\u00c9RIEL<\/option>\n<option value=\"https:\/\/0951403J.index-education.net\/pronote\/parent.html\">La Bruy\u00e8re OSNY<\/option>\n<option value=\"https:\/\/0952326M.index-education.net\/pronote\/parent.html\">Marie-Jos\u00e9 Perec OSNY<\/option>\n<option value=\"https:\/\/0951279Z.index-education.net\/pronote\/parent.html\">Les Coutures PARMAIN<\/option>\n<option value=\"https:\/\/0950934Z.index-education.net\/pronote\/parent.html\">Georges Brassens\u00a0 PERSAN<\/option>\n<option value=\"https:\/\/0952325L.index-education.net\/pronote\/parent.html\">Suzanne Lenglen PERSAN<\/option>\n<option value=\"https:\/\/0951726K.index-education.net\/pronote\/parent.html\">Le Petit Bois PIERRELAYE<\/option>\n<option value=\"https:\/\/0950894F.index-education.net\/pronote\/parent.html\">Jean-Claude Chabanne PONTOISE<\/option>\n<option value=\"https:\/\/0950896H.index-education.net\/pronote\/parent.html\">Nicolas Flamel PONTOISE<\/option>\n<option value=\"https:\/\/0950895G.index-education.net\/pronote\/parent.html\">Simone Veil PONTOISE\u00a0<\/option>\n<option value=\"https:\/\/0950931W.index-education.net\/pronote\/parent.html\">L&apos;Ardilli\u00e8re de N\u00e9zant SAINT BRICE SOUS FORET<\/option>\n<option value=\"https:\/\/0950037Z.index-education.net\/pronote\/parent.html\">Jean Zay SAINT GRATIEN<\/option>\n<option value=\"https:\/\/0951190C.index-education.net\/pronote\/parent.html\">Langevin Wallon\u00a0 SAINT GRATIEN<\/option>\n<option value=\"https:\/\/0950748X.index-education.net\/pronote\/parent.html\">Wanda Landowska SAINT LEU LA FORET<\/option>\n<option value=\"https:\/\/0950039B.index-education.net\/pronote\/parent.html\">Le Parc SAINT OUEN L AUMONE\u00a0\u00a0<\/option>\n<option value=\"https:\/\/0951195H.index-education.net\/pronote\/parent.html\">Marcel Pagnol SAINT OUEN L AUMONE\u00a0\u00a0<\/option>\n<option value=\"https:\/\/0951992Z.index-education.net\/pronote\/parent.html\">Louis Augustin Bosc SAINT PRIX<\/option>\n<option value=\"https:\/\/0950722U.index-education.net\/pronote\/parent.html\">Jean Moulin SANNOIS<\/option>\n<option value=\"https:\/\/0951754R.index-education.net\/pronote\/parent.html\">Voltaire SANNOIS<\/option>\n<option value=\"https:\/\/0950900M.index-education.net\/pronote\/parent.html\">Anatole France SARCELLES<\/option>\n<option value=\"https:\/\/0950943J.index-education.net\/pronote\/parent.html\">Chantereine SARCELLES<\/option>\n<option value=\"https:\/\/0950045H.index-education.net\/pronote\/parent.html\">Evariste Galois SARCELLES<\/option>\n<option value=\"https:\/\/0950723V.index-education.net\/pronote\/parent.html\">Jean Lur\u00e7at SARCELLES<\/option>\n<option value=\"https:\/\/0951945Y.index-education.net\/pronote\/parent.html\">Victor Hugo SARCELLES<\/option>\n<option value=\"https:\/\/0951196J.index-education.net\/pronote\/parent.html\">Voltaire SARCELLES<\/option>\n<option value=\"https:\/\/0951352D.index-education.net\/pronote\/parent.html\">Albert Schweitzer SOISY SOUS MONTMORENCY<\/option>\n<option value=\"https:\/\/0950046J.index-education.net\/pronote\/parent.html\">Descartes SOISY SOUS MONTMORENCY<\/option>\n<option value=\"https:\/\/0951197K.index-education.net\/pronote\/parent.html\">Georges Brassens TAVERNY<\/option>\n<option value=\"https:\/\/0950945L.index-education.net\/pronote\/parent.html\">Le Carr\u00e9 Sainte Honorine TAVERNY<\/option>\n<option value=\"https:\/\/0951705M.index-education.net\/pronote\/parent.html\">La Bussie VAUREAL<\/option>\n<option value=\"https:\/\/0951636M.index-education.net\/pronote\/parent.html\">Les Toupets VAUREAL<\/option>\n<option value=\"https:\/\/0951052C.index-education.net\/pronote\/parent.html\">Blaise Pascal VIARMES<\/option>\n<option value=\"https:\/\/0952080V.index-education.net\/pronote\/parent.html\">Roland Vasseur VIGNY<\/option>\n<option value=\"https:\/\/0950939E.index-education.net\/pronote\/parent.html\">L\u00e9on Blum VILLIERS LE BEL<\/option>\n<option value=\"https:\/\/0951993A.index-education.net\/pronote\/parent.html\">Martin Luther King VILLIERS LE BEL<\/option>\n<option value=\"https:\/\/0950749Y.index-education.net\/pronote\/parent.html\">Saint Exup\u00e9ry VILLIERS LE BEL<\/option>\n\n <\/select>\n<\/body>\n<\/div>\n\n\n\n<div class=\"wp-block-column is-layout-flow wp-block-column-is-layout-flow\"><div class=\"wp-block-image\">\n<figure class=\"aligncenter size-full is-resized\"><img decoding=\"async\" src=\"https:\/\/moncollege95.fr\/wp-content\/uploads\/2022\/08\/SIT_CD95_945_SIT_CD95_595_logo-valdoise.png\" alt=\"\" class=\"wp-image-86\" style=\"width:222px;height:127px\"\/><\/figure>\n<\/div><\/div>\n<\/div>\n","protected":false},"excerpt":{"rendered":"<p>Acc\u00e9der \u00e0 l&#8217;espace &#8220;Parents&#8221; du Pronote de votre \u00e9tablissement Pour acc\u00e9der \u00e0 &#8220;l&#8217;espace parents&#8221; du coll\u00e8ge de votre enfant, choisissez le coll\u00e8ge dans le menu d\u00e9roulant et vous serez redirig\u00e9 directement. Pour vous connecter vous devez utiliser les identifiants &#8220;Pronote&#8221; distribu\u00e9s par le coll\u00e8ge de votre enfant. Veuillez s\u00e9lectionner votre coll\u00e8ge : Choisir le coll\u00e8geAlbert [&hellip;]<\/p>\n","protected":false},"author":11,"featured_media":0,"parent":0,"menu_order":0,"comment_status":"closed","ping_status":"closed","template":"","meta":{"_acf_changed":false,"footnotes":""},"class_list":["post-4806","page","type-page","status-publish","hentry"],"acf":[],"_links":{"self":[{"href":"https:\/\/moncollege-valdoise.fr\/index.php\/wp-json\/wp\/v2\/pages\/4806","targetHints":{"allow":["GET"]}}],"collection":[{"href":"https:\/\/moncollege-valdoise.fr\/index.php\/wp-json\/wp\/v2\/pages"}],"about":[{"href":"https:\/\/moncollege-valdoise.fr\/index.php\/wp-json\/wp\/v2\/types\/page"}],"author":[{"embeddable":true,"href":"https:\/\/moncollege-valdoise.fr\/index.php\/wp-json\/wp\/v2\/users\/11"}],"replies":[{"embeddable":true,"href":"https:\/\/moncollege-valdoise.fr\/index.php\/wp-json\/wp\/v2\/comments?post=4806"}],"version-history":[{"count":2,"href":"https:\/\/moncollege-valdoise.fr\/index.php\/wp-json\/wp\/v2\/pages\/4806\/revisions"}],"predecessor-version":[{"id":4808,"href":"https:\/\/moncollege-valdoise.fr\/index.php\/wp-json\/wp\/v2\/pages\/4806\/revisions\/4808"}],"wp:attachment":[{"href":"https:\/\/moncollege-valdoise.fr\/index.php\/wp-json\/wp\/v2\/media?parent=4806"}],"curies":[{"name":"wp","href":"https:\/\/api.w.org\/{rel}","templated":true}]}}